{"id":837,"date":"2022-10-27T12:24:41","date_gmt":"2022-10-27T10:24:41","guid":{"rendered":"https:\/\/www.radio-of-magic.com\/?page_id=837"},"modified":"2022-10-27T12:24:41","modified_gmt":"2022-10-27T10:24:41","slug":"parcourir-lhistorique-de-diffusion","status":"publish","type":"page","link":"https:\/\/www.radio-of-magic.com\/fr\/parcourir-lhistorique-de-diffusion\/","title":{"rendered":"Parcourir l&rsquo;historique de diffusion"},"content":{"rendered":"<section class=\"l-section wpb_row height_auto width_full\"><div class=\"l-section-h i-cf\"><div class=\"g-cols vc_row via_flex valign_top type_default stacking_default\"><div class=\"vc_col-sm-12 wpb_column vc_column_container\"><div class=\"vc_column-inner\"><div class=\"wpb_wrapper\"><div class=\"wpb_text_column\"><div class=\"wpb_wrapper\"><p>Vous avez entendu un morceau qui vous plait mais vous avez oubli\u00e9 dans quelle attraction, land, restaurant ou boutique il est diffus\u00e9 ?<\/p>\n<p>Consultez ici l&rsquo;historique de diffusion de notre webradio, vous pouvez pr\u00e9ciser une date et une heure particuli\u00e8re ci-dessous :<\/p>\n<\/div><\/div><div class=\"w-separator size_medium\"><\/div><div class=\"w-html\"><div id=\"rk-played-tracks-widget\" data-id=\"radio-of-magic-stream\" data-count=\"10\" data-date=\"1\" data-buy=\"0\"><\/div><script type=\"text\/javascript\" src=\"https:\/\/widget.radioking.io\/played-tracks\/build\/script.min.js\"><\/script><\/div><\/div><\/div><\/div><\/div><\/div><\/section>\n","protected":false},"excerpt":{"rendered":"Vous avez entendu un morceau qui vous plait mais vous avez oubli\u00e9 dans quelle attraction, land, restaurant ou boutique il est diffus\u00e9 ? Consultez ici l&rsquo;historique de diffusion de notre webradio, vous pouvez pr\u00e9ciser une date et une heure particuli\u00e8re ci-dessous :","protected":false},"author":1,"featured_media":0,"parent":0,"menu_order":0,"comment_status":"closed","ping_status":"closed","template":"","meta":{"footnotes":""},"class_list":["post-837","page","type-page","status-publish","hentry"],"_links":{"self":[{"href":"https:\/\/www.radio-of-magic.com\/fr\/wp-json\/wp\/v2\/pages\/837","targetHints":{"allow":["GET"]}}],"collection":[{"href":"https:\/\/www.radio-of-magic.com\/fr\/wp-json\/wp\/v2\/pages"}],"about":[{"href":"https:\/\/www.radio-of-magic.com\/fr\/wp-json\/wp\/v2\/types\/page"}],"author":[{"embeddable":true,"href":"https:\/\/www.radio-of-magic.com\/fr\/wp-json\/wp\/v2\/users\/1"}],"replies":[{"embeddable":true,"href":"https:\/\/www.radio-of-magic.com\/fr\/wp-json\/wp\/v2\/comments?post=837"}],"version-history":[{"count":3,"href":"https:\/\/www.radio-of-magic.com\/fr\/wp-json\/wp\/v2\/pages\/837\/revisions"}],"predecessor-version":[{"id":841,"href":"https:\/\/www.radio-of-magic.com\/fr\/wp-json\/wp\/v2\/pages\/837\/revisions\/841"}],"wp:attachment":[{"href":"https:\/\/www.radio-of-magic.com\/fr\/wp-json\/wp\/v2\/media?parent=837"}],"curies":[{"name":"wp","href":"https:\/\/api.w.org\/{rel}","templated":true}]}}