{"id":735,"date":"2022-02-03T14:40:31","date_gmt":"2022-02-03T13:40:31","guid":{"rendered":"https:\/\/www.radio-of-magic.com\/?page_id=735"},"modified":"2025-01-02T10:56:22","modified_gmt":"2025-01-02T09:56:22","slug":"a-propos-de-radio-of-magic","status":"publish","type":"page","link":"https:\/\/www.radio-of-magic.com\/fr\/a-propos-de-radio-of-magic\/","title":{"rendered":"A propos de Radio of Magic"},"content":{"rendered":"<section class=\"l-section wpb_row height_small width_full\"><div class=\"l-section-h i-cf\"><div class=\"g-cols vc_row via_flex valign_top type_default stacking_default\"><div class=\"vc_col-sm-12 wpb_column vc_column_container\"><div class=\"vc_column-inner\"><div class=\"wpb_wrapper\"><div class=\"wpb_text_column\"><div class=\"wpb_wrapper\"><p>Radio of Magic est une webradio d\u00e9di\u00e9e \u00e0 100% \u00e0 l&rsquo;ambiance musicale de Disneyland Paris. Elle vous transporte, o\u00f9 que vous soyez, dans l&rsquo;univers magique et plein d&rsquo;\u00e9motions des deux parcs \u00e0 th\u00e8mes parisiens. Une connexion internet suffit pour l&rsquo;\u00e9couter !<\/p>\n<p>Notre webradio est accessible gratuitement (hors co\u00fbt de la connexion Internet) tout le temps et partout \u00e0 travers le monde. Elle ne diffuse aucune publicit\u00e9 commerciale.<\/p>\n<\/div><\/div><\/div><\/div><\/div><\/div><\/div><\/section><section class=\"l-section wpb_row height_small width_full\"><div class=\"l-section-h i-cf\"><div class=\"g-cols vc_row via_flex valign_top type_default stacking_default\"><div class=\"vc_col-sm-12 wpb_column vc_column_container\"><div class=\"vc_column-inner\"><div class=\"wpb_wrapper\"><div class=\"wpb_text_column\"><div class=\"wpb_wrapper\"><h2>Quelques statistiques<\/h2>\n<p>Chaque auditeur nous \u00e9coute en moyenne 73 minutes, et ce sont en moyenne 1100 auditeurs par semaine.<\/p>\n<\/div><\/div><\/div><\/div><\/div><\/div><\/div><\/section><section class=\"l-section wpb_row us_custom_2b4a2274 has_text_color height_small width_full color_primary\"><div class=\"l-section-h i-cf\"><div class=\"g-cols vc_row via_flex valign_top type_default stacking_default\"><div class=\"vc_col-sm-4 wpb_column vc_column_container\"><div class=\"vc_column-inner\"><div class=\"wpb_wrapper\"><div class=\"w-counter us_custom_87092ef1 color_secondary align_center has_font_size\" data-duration=\"2\"><div class=\"w-counter-value\"><span class=\"w-counter-value-part type_text\" data-final=\"\"><\/span><span class=\"w-counter-value-part type_number\" data-final=\"80 000\">1<\/span><span class=\"w-counter-value-part type_text\" data-final=\"\"><\/span><\/div><h6 class=\"w-counter-title\">heures pass\u00e9es \u00e0 \u00e9couter la webradio<\/h6><\/div><\/div><\/div><\/div><div class=\"vc_col-sm-4 wpb_column vc_column_container\"><div class=\"vc_column-inner\"><div class=\"wpb_wrapper\"><div class=\"w-counter us_custom_87092ef1 color_secondary align_center has_font_size\" data-duration=\"2\"><div class=\"w-counter-value\"><span class=\"w-counter-value-part type_text\" data-final=\"\"><\/span><span class=\"w-counter-value-part type_number\" data-final=\"27000\">1<\/span><span class=\"w-counter-value-part type_text\" data-final=\"\"><\/span><\/div><h6 class=\"w-counter-title\">auditeurs diff\u00e9rents<\/h6><\/div><\/div><\/div><\/div><div class=\"vc_col-sm-4 wpb_column vc_column_container\"><div class=\"vc_column-inner\"><div class=\"wpb_wrapper\"><div class=\"w-counter us_custom_87092ef1 color_secondary align_center has_font_size\" data-duration=\"2\"><div class=\"w-counter-value\"><span class=\"w-counter-value-part type_text\" data-final=\"\"><\/span><span class=\"w-counter-value-part type_number\" data-final=\"135\">1<\/span><span class=\"w-counter-value-part type_text\" data-final=\"\"><\/span><\/div><h6 class=\"w-counter-title\">pays atteints<\/h6><\/div><\/div><\/div><\/div><\/div><\/div><\/section><section class=\"l-section wpb_row height_auto width_full\"><div class=\"l-section-h i-cf\"><div class=\"g-cols vc_row via_flex valign_top type_default stacking_default\"><div class=\"vc_col-sm-12 wpb_column vc_column_container\"><div class=\"vc_column-inner\"><div class=\"wpb_wrapper\"><div class=\"w-text us_custom_c4cf6e94\"><span class=\"w-text-h\"><span class=\"w-text-value\">Chiffres pour l&rsquo;ann\u00e9e 2024<\/span><\/span><\/div><div class=\"w-separator size_small\"><\/div><div class=\"wpb_text_column\"><div class=\"wpb_wrapper\"><p>Notre m\u00e9diath\u00e8que comporte actuellement plus de <strong>1 090\u00a0titres<\/strong> pour une dur\u00e9e totale de plus de <strong>67 heures<\/strong>.<\/p>\n<p>En terme de r\u00e9partition d&rsquo;audience, 39% de nos auditeurs nous \u00e9coutent l&rsquo;apr\u00e8s-midi, 34% le matin et 27% le soir (heures fran\u00e7aises). Ils sont 62% \u00e0 nous \u00e9couter depuis la France, suivis par l&rsquo;Allemagne (12%), la Belgique (7%), l&rsquo;Italie (3%) et les Etats-Unis (3%).<br \/>\nLes 5 principaux moyens utilis\u00e9s pour nous \u00e9couter sont notre player, les enceintes Sonos, Deezer, iTunes et TuneIn.<\/p>\n<\/div><\/div><\/div><\/div><\/div><\/div><\/div><\/section><section class=\"l-section wpb_row height_small width_full\"><div class=\"l-section-h i-cf\"><div class=\"g-cols vc_row via_flex valign_top type_default stacking_default\"><div class=\"vc_col-sm-12 wpb_column vc_column_container\"><div class=\"vc_column-inner\"><div class=\"wpb_wrapper\"><div class=\"wpb_text_column\"><div class=\"wpb_wrapper\"><h2>L&rsquo;\u00e9quipe<\/h2>\n<p>Elle n&rsquo;est compos\u00e9 que d&rsquo;une seule personne \u00e0 l&rsquo;heure actuelle, et c&rsquo;est moi, Guillaume, qui vous \u00e9cris ici. J&rsquo;ai fond\u00e9 la webradio et je g\u00e8re sa programmation et son site internet sur mon temps libre. C&rsquo;est ma passion pour Disneyland Paris, et particuli\u00e8rement son univers musical, qui m&rsquo;anime pour vous proposer r\u00e9guli\u00e8rement de nouveaux titres.<\/p>\n<p>J&rsquo;avais cr\u00e9\u00e9 la premi\u00e8re version de Radio of Magic en 2012 pour la faire perdurer pendant quelques ann\u00e9es avant que des changements personnels m&rsquo;obligent \u00e0 l&rsquo;arr\u00eater. C&rsquo;est en juin 2021, en pleine crise Covid, que j&rsquo;ai relanc\u00e9 cette seconde version avec, cette fois-ci, aucune publicit\u00e9 commerciale \u00e0 l&rsquo;antenne. Je finance totalement et personnellement tous les co\u00fbts inh\u00e9rents \u00e0 la gestion quotidienne de la webradio.<\/p>\n<\/div><\/div><\/div><\/div><\/div><\/div><\/div><\/section><section class=\"l-section wpb_row height_small color_alternate\"><div class=\"l-section-h i-cf\"><div class=\"g-cols vc_row via_flex valign_top type_default stacking_default\"><div class=\"vc_col-sm-12 wpb_column vc_column_container\"><div class=\"vc_column-inner\"><div class=\"wpb_wrapper\"><div class=\"wpb_text_column us_custom_413d2849\"><div class=\"wpb_wrapper\"><p>Pour plus d&rsquo;informations, n&rsquo;h\u00e9sitez pas \u00e0 consulter les <a href=\"https:\/\/www.radio-of-magic.com\/mentions-legales\/\">mentions l\u00e9gales<\/a>, la <a href=\"https:\/\/www.radio-of-magic.com\/questions-frequentes\/\">foire aux questions<\/a> et pourquoi pas, \u00e0 <a href=\"https:\/\/www.radio-of-magic.com\/contact\/\">me contacter<\/a>.<\/p>\n<p>Merci pour votre fid\u00e9lit\u00e9, <a href=\"https:\/\/www.radio-of-magic.com\/comment-nous-ecouter\/\">\u00e0 tr\u00e8s bient\u00f4t sur l&rsquo;antenne de Radio of Magic<\/a> !<\/p>\n<\/div><\/div><\/div><\/div><\/div><\/div><\/div><\/section>\n","protected":false},"excerpt":{"rendered":"Radio of Magic est une webradio d\u00e9di\u00e9e \u00e0 100% \u00e0 l&rsquo;ambiance musicale de Disneyland Paris. Elle vous transporte, o\u00f9 que vous soyez, dans l&rsquo;univers magique et plein d&rsquo;\u00e9motions des deux parcs \u00e0 th\u00e8mes parisiens. Une connexion internet suffit pour l&rsquo;\u00e9couter ! Notre webradio est accessible gratuitement (hors co\u00fbt de la connexion Internet) tout le temps...","protected":false},"author":1,"featured_media":0,"parent":0,"menu_order":0,"comment_status":"closed","ping_status":"closed","template":"","meta":{"footnotes":""},"class_list":["post-735","page","type-page","status-publish","hentry"],"_links":{"self":[{"href":"https:\/\/www.radio-of-magic.com\/fr\/wp-json\/wp\/v2\/pages\/735","targetHints":{"allow":["GET"]}}],"collection":[{"href":"https:\/\/www.radio-of-magic.com\/fr\/wp-json\/wp\/v2\/pages"}],"about":[{"href":"https:\/\/www.radio-of-magic.com\/fr\/wp-json\/wp\/v2\/types\/page"}],"author":[{"embeddable":true,"href":"https:\/\/www.radio-of-magic.com\/fr\/wp-json\/wp\/v2\/users\/1"}],"replies":[{"embeddable":true,"href":"https:\/\/www.radio-of-magic.com\/fr\/wp-json\/wp\/v2\/comments?post=735"}],"version-history":[{"count":5,"href":"https:\/\/www.radio-of-magic.com\/fr\/wp-json\/wp\/v2\/pages\/735\/revisions"}],"predecessor-version":[{"id":914,"href":"https:\/\/www.radio-of-magic.com\/fr\/wp-json\/wp\/v2\/pages\/735\/revisions\/914"}],"wp:attachment":[{"href":"https:\/\/www.radio-of-magic.com\/fr\/wp-json\/wp\/v2\/media?parent=735"}],"curies":[{"name":"wp","href":"https:\/\/api.w.org\/{rel}","templated":true}]}}