{"id":10,"date":"2021-05-03T11:46:32","date_gmt":"2021-05-03T09:46:32","guid":{"rendered":"https:\/\/www.radio-of-magic.com\/?page_id=10"},"modified":"2026-02-27T13:19:50","modified_gmt":"2026-02-27T12:19:50","slug":"mentions-legales","status":"publish","type":"page","link":"https:\/\/www.radio-of-magic.com\/fr\/mentions-legales\/","title":{"rendered":"Mentions l\u00e9gales"},"content":{"rendered":"<section class=\"l-section wpb_row height_custom\"><div class=\"l-section-h i-cf\"><div class=\"g-cols vc_row via_flex valign_top type_default stacking_default\"><div class=\"vc_col-sm-12 wpb_column vc_column_container\"><div class=\"vc_column-inner\"><div class=\"wpb_wrapper\"><div class=\"wpb_text_column\"><div class=\"wpb_wrapper\"><p>Radio of Magic est d\u00e9tenue et est g\u00e9r\u00e9e par Guillaume Masquelier (<a href=\"mailto:contact@radio-of-magic.com\">contact@radio-of-magic.com<\/a>). C&rsquo;est une webradio fran\u00e7aise et personnelle, totalement gratuite et disponible dans le monde entier. Elle diffuse les musiques, ambiances et bruitages des parcs \u00e0 th\u00e8mes de Disneyland<span class=\"registred\">\u00ae<\/span> Paris.<\/p>\n<p>Radio of Magic n&rsquo;est pas une webradio commerciale et n&rsquo;est pas un outil de promotion de Disneyland Paris. Elle n&rsquo;est pas sponsoris\u00e9e et n&rsquo;est pas affili\u00e9e \u00e0 The Walt Disney Company, \u00e0 la soci\u00e9t\u00e9 Euro Disney Associ\u00e9s S.C.A., \u00e0 Disney Enterprises, Inc. ou \u00e0 l&rsquo;une de leurs soci\u00e9t\u00e9s affili\u00e9es ou apparent\u00e9es. Le site <a href=\"https:\/\/www.disneylandparis.fr\">https:\/\/www.disneylandparis.fr<\/a> reste le seul site d&rsquo;informations officielles sur Disneyland Paris.<\/p>\n<p>Radio of Magic ne propose aucune possibilit\u00e9 de t\u00e9l\u00e9chargement du contenu diffus\u00e9 sous quelque forme que ce soit. Toute demande de mise \u00e0 disposition de fichiers musicaux envoy\u00e9e \u00e0 Radio of Magic sera syst\u00e9matiquement refus\u00e9e.<\/p>\n<h2>H\u00e9bergement<\/h2>\n<p>Le site internet est h\u00e9berg\u00e9 par o2switch, h\u00e9bergeur 100% fran\u00e7ais, dont le si\u00e8ge social est situ\u00e9 au 222-224 Boulevard Gustave Flaubert 63000 Clermont-Ferrand, France. Pour savoir comment vos donn\u00e9es personnelles sont trait\u00e9es, consultez la <a href=\"https:\/\/www.radio-of-magic.com\/politique-de-confidentialite\/\">politique de confidentialit\u00e9<\/a>.<\/p>\n<p>La webradio est h\u00e9berg\u00e9e par <a class=\"sponsored\" href=\"https:\/\/www.radioking.com\/on\/aff.php?aff=863\" target=\"_blank\" rel=\"noopener\">RadioKing<\/a> dont le si\u00e8ge social est situ\u00e9 99B boulevard Constantin Descat 59200 Tourcoing, France.<\/p>\n<p><a href=\"https:\/\/stats.uptimerobot.com\/RBwN3Ur6kz\" target=\"_blank\" rel=\"noopener\">Consulter l&rsquo;\u00e9tat de tous les services<\/a><\/p>\n<h2><a name=\"remerciements\"><\/a>Contributions et remerciements<\/h2>\n<ul>\n<li>Le logotype de Radio of Magic est l&rsquo;\u0153uvre de Lo\u00efc Laloyer.<\/li>\n<li>La voix-off de Radio of Magic est <a href=\"https:\/\/www.linkedin.com\/in\/tatiana-benhamou-661a7089\/\" target=\"_blank\" rel=\"noopener\">Tatiana Benhamou<\/a>.<\/li>\n<\/ul>\n<p>Mes remerciements chaleureux \u00e0 nos contributeurs, anonymes ou non, pour leur apport \u00e0 la biblioth\u00e8que musicale :<\/p>\n<ul>\n<li>Believe in Magic<\/li>\n<li>Benjamin (<a href=\"https:\/\/www.youtube.com\/user\/theDLPmusic\" target=\"_blank\" rel=\"noopener\">theDLPmusic<\/a>)<\/li>\n<li>Burail1<\/li>\n<li>CaptainNemo<\/li>\n<li>DisneyGazette<\/li>\n<li>Drake (du forum Disney Central Plaza)<\/li>\n<li>Mister Duck<\/li>\n<li>Ohhrore (du forum Disney Central Plaza)<\/li>\n<li><a href=\"https:\/\/disney-planet.fr\/\" target=\"_blank\" rel=\"noopener\">Disney-Planet<\/a><\/li>\n<\/ul>\n<p><a name=\"monetisation\"><\/a><\/p>\n<h2 id=\"monetisation\">Soutien, publicit\u00e9s et liens d&rsquo;affiliation<\/h2>\n<p>Radio of Magic est disponible gratuitement partout dans le monde, et j&rsquo;ai fait le choix de ne pas diffuser de publicit\u00e9 commerciale r\u00e9mun\u00e9r\u00e9e \u00e0 l&rsquo;antenne afin d&rsquo;apporter un confort d&rsquo;\u00e9coute suppl\u00e9mentaire. Toutefois, s&rsquo;agissant d&rsquo;un projet totalement personnel et b\u00e9n\u00e9vole, j&rsquo;investie du temps et de l&rsquo;argent.<\/p>\n<p><strong>Si vous appr\u00e9ciez mon travail \ud83d\udc96, vous pouvez me soutenir de plusieurs mani\u00e8res :<\/strong><\/p>\n<ul>\n<li><strong>lorsque vous likez, commentez ou partagez<\/strong> les articles ou les <a href=\"https:\/\/next.radio-of-magic.com\/links\/\" target=\"_blank\" rel=\"noopener\">publications sur les r\u00e9seaux sociaux<\/a><\/li>\n<li><strong>lorsque vous participez au financement<\/strong> via la <a href=\"https:\/\/fr.tipeee.com\/radio-of-magic\">page Tipeee de Radio of Magic<\/a><\/li>\n<li><strong>lorsque vous r\u00e9servez votre s\u00e9jour ou vos billets pour Disneyland Paris depuis le site<\/strong>. En effet, certains liens et les encarts publicitaires pr\u00e9sents sur ce site sont dits \u00ab affili\u00e9s \u00bb : ils me permettent de percevoir une commission sur les achats effectu\u00e9s depuis le site officiel de Disneyland Paris. Le montant des achats effectu\u00e9s par l\u2019interm\u00e9diaire de ces liens n\u2019est pas modifi\u00e9, cette commission \u00e9tant pr\u00e9lev\u00e9e sur la marge du vendeur : c&rsquo;est transparent pour vous, vous ne payez donc pas plus cher votre achat.<br \/>\nA titre d&rsquo;information, la r\u00e9gie publicitaire utilis\u00e9e pour les liens d\u2019affiliation et les publicit\u00e9s est Tradedoubler, Radio of Magic \u00e9tant adh\u00e9rente au programme officiel de Disneyland Paris. <strong>Seules des publicit\u00e9s officielles diffus\u00e9es par Disneyland Paris aupr\u00e8s de ses affili\u00e9s vous seront propos\u00e9es.<\/strong><\/li>\n<\/ul>\n<p>Les publicit\u00e9s diffus\u00e9es sur la webradio sont d&rsquo;anciennes publicit\u00e9s relatives \u00e0 Disneyland Paris que j&rsquo;ai choisi de diffuser. Les offres, informations et prix qui peuvent \u00eatre entendus dans ces publicit\u00e9s peuvent ne plus \u00eatre d&rsquo;actualit\u00e9. Je ne per\u00e7oit aucune contrepartie, quelle qu&rsquo;elle soit, pour la diffusion de ces publicit\u00e9s sur son antenne.<\/p>\n<p>Mes remerciements chaleureux aux contributeurs <a href=\"https:\/\/fr.tipeee.com\/radio-of-magic\" target=\"_blank\" rel=\"noopener\">Tipeee<\/a> :<\/p>\n<ul>\n<li>Woods Cameron<\/li>\n<\/ul>\n<h2>Traductions<\/h2>\n<p>Ce site web est disponible en langue anglaise par l&rsquo;interm\u00e9diaire de Cloud Translation fourni par Google.<br \/>\nS&rsquo;agissant d&rsquo;un syst\u00e8me de traduction automatis\u00e9, je ne peux pas garantir la qualit\u00e9 ni la pertinence de la traduction. J&rsquo;ai n\u00e9anmoins choisi de proposer une version anglaise pour permettre \u00e0 aux visiteurs \u00e9trangers de naviguer plus confortablement sur le site.<\/p>\n<\/div><\/div><\/div><\/div><\/div><\/div><\/div><\/section>\n","protected":false},"excerpt":{"rendered":"Radio of Magic est d\u00e9tenue et est g\u00e9r\u00e9e par Guillaume Masquelier (contact@radio-of-magic.com). C&rsquo;est une webradio fran\u00e7aise et personnelle, totalement gratuite et disponible dans le monde entier. Elle diffuse les musiques, ambiances et bruitages des parcs \u00e0 th\u00e8mes de Disneyland\u00ae Paris. Radio of Magic n&rsquo;est pas une webradio commerciale et n&rsquo;est pas un outil de promotion...","protected":false},"author":1,"featured_media":0,"parent":0,"menu_order":0,"comment_status":"closed","ping_status":"closed","template":"","meta":{"footnotes":""},"class_list":["post-10","page","type-page","status-publish","hentry"],"_links":{"self":[{"href":"https:\/\/www.radio-of-magic.com\/fr\/wp-json\/wp\/v2\/pages\/10","targetHints":{"allow":["GET"]}}],"collection":[{"href":"https:\/\/www.radio-of-magic.com\/fr\/wp-json\/wp\/v2\/pages"}],"about":[{"href":"https:\/\/www.radio-of-magic.com\/fr\/wp-json\/wp\/v2\/types\/page"}],"author":[{"embeddable":true,"href":"https:\/\/www.radio-of-magic.com\/fr\/wp-json\/wp\/v2\/users\/1"}],"replies":[{"embeddable":true,"href":"https:\/\/www.radio-of-magic.com\/fr\/wp-json\/wp\/v2\/comments?post=10"}],"version-history":[{"count":9,"href":"https:\/\/www.radio-of-magic.com\/fr\/wp-json\/wp\/v2\/pages\/10\/revisions"}],"predecessor-version":[{"id":1039,"href":"https:\/\/www.radio-of-magic.com\/fr\/wp-json\/wp\/v2\/pages\/10\/revisions\/1039"}],"wp:attachment":[{"href":"https:\/\/www.radio-of-magic.com\/fr\/wp-json\/wp\/v2\/media?parent=10"}],"curies":[{"name":"wp","href":"https:\/\/api.w.org\/{rel}","templated":true}]}}